{"id":4864,"date":"2022-09-08T12:49:18","date_gmt":"2022-09-08T04:49:18","guid":{"rendered":"http:\/\/www.tarzan-tech.com\/?post_type=product&#038;p=4864"},"modified":"2023-06-09T17:39:10","modified_gmt":"2023-06-09T09:39:10","slug":"%e5%95%ae%e9%bd%bf%e7%b1%bb%e5%8a%a8%e7%89%a9%e5%91%bc%e5%90%b8%e6%9c%ba","status":"publish","type":"product","link":"http:\/\/www.tarzan-tech.com\/en\/products\/%e5%95%ae%e9%bd%bf%e7%b1%bb%e5%8a%a8%e7%89%a9%e5%91%bc%e5%90%b8%e6%9c%ba\/","title":{"rendered":"\u556e\u9f7f\u7c7b\u52a8\u7269\u547c\u5438\u673a"},"content":{"rendered":"<p><span style=\"color: #00aae7;font-size: 140%\"><strong>\u4ea7\u54c1\u7279\u6027<\/strong><\/span><\/p>\n<div class=\"body\">\n<div class=\"body-wrapper wrapper-2\">\n<div class=\"card card-pro-detail inited appeared presented leaving\">\n<div class=\"card-wrapper\">\n<div class=\"card-body\">\n<div class=\"row row-space-36 tab-container\">\n<div class=\"col col-md-9 col-sm-8 col-xs-12 tab-bodys\">\n<div class=\"tab-body tab-body-0\">\n<p>&nbsp;<\/p>\n<\/div>\n<div class=\"tab-body tab-body-1\">\n<ul class=\"list-paddingleft-2\">\n<li>\u673a\u68b0\u5f0f\u547c\u5438\u673a\uff0c\u9009\u7528\u9ad8\u54c1\u8d28\u6750\u6599\u5236\u6210<\/li>\n<li>\u53ef\u4e92\u6362\u6c7d\u7f38\u6d3b\u585e\u5f0f\u8bbe\u8ba1(5, 10, 30 ml)<\/li>\n<li>\u540c\u6b65start\/stop \u529f\u80fd<\/li>\n<li>\u53ef\u9760\uff0c\u957f\u65f6\u95f4\u7ef4\u7cfb\u751f\u547d\u4f53\u5f81<\/li>\n<li>\u540c\u4e00\u547c\u5438\u673a\u53ef\u7528\u4e8e\u4e0d\u540c\u4f53\u683c\u7684\u52a8\u7269<\/li>\n<\/ul>\n<\/div>\n<p><img loading=\"lazy\" class=\"size-full wp-image-4865 aligncenter\" src=\"http:\/\/www.tarzan-tech.com\/wp-content\/uploads\/4d5082308019d3ec1.jpg\"  width=\"600\" height=\"600\" srcset=\"http:\/\/www.tarzan-tech.com\/wp-content\/uploads\/4d5082308019d3ec1.jpg 600w, http:\/\/www.tarzan-tech.com\/wp-content\/uploads\/4d5082308019d3ec1-12x12.jpg 12w\" sizes=\"(max-width: 600px) 100vw, 600px\" title=\"\u556e\u9f7f\u7c7b\u52a8\u7269\u547c\u5438\u673a\u63d2\u56fe\" alt=\"\u556e\u9f7f\u7c7b\u52a8\u7269\u547c\u5438\u673a\u63d2\u56fe\" \/><\/p>\n<div class=\"tab-body tab-body-1\">\n<p><span style=\"color: #00aae7;font-size: 140%\"><strong>\u4ea7\u54c1\u53c2\u6570<\/strong><\/span><\/p>\n<\/div>\n<div class=\"tab-body tab-body-2\">\n<p>Sympathoexcitation following intermittent hypoxia in rat is mediated by circulating angiotensin II acting at the carotid body and subfornical organ SJ Kim, AY Fong, PM Pilowsky, SBG Abbott &#8211; The Journal of Physiology, 2018 (Rats)<\/p>\n<p>Crocin attenuates cigarette smoke-induced lung injury and cardiac dysfunction by anti-oxidative effects: the role of Nrf2 antioxidant system in preventing oxidative \u2026 M Dianat, M Radan, M Badavi, SA Mard, V Bayati\u2026 &#8211; Respiratory Research, 2018 (Mice, Swiss albino)<\/p>\n<p>The inhibitory effect of rosmarinic acid on overexpression of NCX1 and stretch-induced arrhythmias after acute myocardial infarction in rats S Javidanpour, M Dianat, M Badavi, SA Mard &#8211; Biomedicine &amp; Pharmacotherapy, 2018 (Rats, Male Sprague-Dawley)<\/p>\n<p>Influence of long-term treatment with glyceryl trinitrate on remote ischemic conditioning M Hauerslev, SR M\u00f8rk, K Pryds, H Contractor\u2026 &#8211; American Journal of \u2026, 2018<\/p>\n<p>New thin-film surface electrode array enables brain mapping with high spatial acuity in rodents WS Konerding, UP Froriep, A Kral, P Baumhoff &#8211; Scientific Reports, 2018<\/p>\n<p>Influence of diabetes mellitus duration on the efficacy of ischemic preconditioning in a Zucker diabetic fatty rat model MV Hjortbak, J Hjort, JA Povlsen, RV Jensen\u2026 &#8211; PLOS ONE, 2018<\/p>\n<p>Nitric oxide\u2013sensitive guanylyl cyclase stimulation improves experimental heart failure with preserved ejection fraction N Wilck, L Mark\u00f3, A Balogh, K Kr\u00e4ker, F Herse\u2026 &#8211; JCI Insight, 2018<\/p>\n<p>The effects of hemoglobin glutamer-200 and iNO on pulmonary vascular tone and arterial oxygenation in an experimental acute respiratory distress syndrome MT Voelker, A Bergmann, T Busch, N Jahn, S Laudi\u2026 &#8211; Pulmonary Pharmacology &amp; \u2026, 2018<\/p>\n<p>Inactivated antithombin as anticoagulant reversal in a rat model of cardiopulmonary bypass: a potent and potentially safer alternative to protamine EP Bianchini, A Sebestyen, T Abache, Y Bourti\u2026 &#8211; British Journal of \u2026, 2018<\/p>\n<p>Effects of hypoglycemia on myocardial susceptibility to ischemia\u2013reperfusion injury and preconditioning in hearts from rats with and without type 2 diabetes KB P\u00e6lestik, NR Jespersen, RV Jensen, J Johnsen\u2026 &#8211; Cardiovascular Diabetology, 2017<\/p>\n<p>Levosimendan improves cardiac function and myocardial efficiency in rats with right ventricular failure MS Hansen, A Andersen, LP Tolbod, NH Hansson\u2026 &#8211; Pulmonary Circulation, 2017<\/p>\n<p>Pharmacological evidence that metformin blocks the vasopressor responses mediated by stimulation of \u03b1 1-and \u03b1 2-adrenoceptors in pithed rats SH de la Cruz, GJ Medina-Terol, JH Beltr\u00e1n-Ornelas\u2026 &#8211; European Journal of \u2026, 2017<\/p>\n<p>The role of \u03b11-and \u03b12-adrenoceptor subtypes in the vasopressor responses induced by dihydroergotamine in ritanserin-pretreated pithed rats E Rivera-Mancilla, VH Avil\u00e9s-Rosas\u2026 &#8211; The Journal of Headache \u2026, 2017<\/p>\n<p>Effects of gallic acid on hemodynamic parameters and infarct size after ischemia-reperfusion in isolated rat hearts with alloxan-induced diabetes F Ramezani-Aliakbari, M Badavi, M Dianat, SA Mard\u2026 &#8211; Biomedicine &amp; \u2026, 2017<\/p>\n<p>Overexpression of M3 Muscarinic Receptor Suppressed Adverse Electrical Remodeling in Hypertrophic Myocardium Via Increasing Repolarizing K+ Currents X Chen, Y Bai, H Sun, Z Su, J Guo, C Sun, Z Du &#8211; Cellular Physiology and \u2026, 2017<\/p>\n<p>Chronic 5-HT 2 receptor blockade unmasks the role of 5-HT 1F receptors in the inhibition of the rat cardioaccelerator sympathetic outflow J\u00c1 Garc\u00eda-Pedraza, O Hern\u00e1ndez-Abreu, M Garc\u00eda\u2026 &#8211; Canadian Journal of \u2026, 2017<\/p>\n<p>Pharmacological evaluation of metformin and N-benzylbiguanide, a novel analogue of metformin, on the vasopressor responses to adrenergic system stimulation in \u2026 EJ Guti\u00e9rrez-Lara, G Navarrete-V\u00e1zquez\u2026 &#8211; European Journal of \u2026, 2017<\/p>\n<p>Effects of Rotigaptide and RIC on Ischemia Reperfusion Injury in the&#8230; R Salman, J Johnsen, TR Lassen, RS Hansen\u2026 &#8211; 2017<\/p>\n<p>CX3CR1 knockout aggravates Coxsackievirus B3-induced myocarditis I M\u00fcller, K Pappritz, K Savvatis, K Puhl, F Dong\u2026 &#8211; PloS one, 2017<\/p>\n<p>Pharmacological analysis of the inhibition produced by moxonidine and agmatine on the vasodepressor sensory CGRPergic outflow in pithed rats E Rubio-Beltr\u00e1n, A Labastida-Ram\u00edrez\u2026 &#8211; European Journal of \u2026, 2017<\/p>\n<p>Receptor for advanced glycation endproducts (RAGE) maintains pulmonary structure and regulates the response to cigarette smoke L Wolf, C Herr, J Niederstra\u00dfer, C Beisswenger, R Bals &#8211; PloS one, 2017<\/p>\n<p>Immediate and delayed potentiating effects of tumor necrosis factor-alpha on TRPV1 sensitivity of rat vagal pulmonary sensory neurons CC Hsu, YS Lin, RL Lin, LY Lee &#8211; American Journal of Physiology-Lung Cellular and \u2026, 2017<\/p>\n<p>Phrenic and hypoglossal nerve activity during respiratory response to hypoxia in 6-OHDA unilateral model of Parkinson&#8217;s disease K Andrzejewski, K Budzi\u0144ska, K Kaczy\u0144ska &#8211; Life Sciences, 2017<\/p>\n<p>7, 8, 3&#8217;\u2010Trihydroxyflavone protects H\/R\u2010induced apoptosis and induces in vivo growth of human embryonic stem cell\u2010derived cardiomyocytes J Li, C Wang, BZB Tang &#8211; Journal of Cellular Biochemistry, 2017<\/p>\n<p>Gallic Acid and Cyclosporine Mixture and their Effects on Cardiac Dysfunction Induced by Ischemia\/Reperfusion and eNOS\/iNOS Expression M Badavi, N Sadeghi, M Dianat, A Samarbafzadeh &#8211; Int J Cardiovasc Sci, 2017<\/p>\n<p>Pharmacological analysis of the increases in heart rate and diastolic blood pressure produced by (S)-isometheptene and (R)-isometheptene in pithed rats A Labastida-Ram\u00edrez, E Rubio-Beltr\u00e1n\u2026 &#8211; The Journal of Headache \u2026, 2017<\/p>\n<p>Anti-aging effect and gene expression profiling of dung beetle glycosaminoglycan in aged rats MY Ahn, BJ Kim, HJ Kim, JS Hwang, YS Jung, KK Park &#8211; Biomaterials Research, 2017<\/p>\n<p>Anti-Fibrotic Effects of Chronic Treatment with the Selective FXR Agonist Obeticholic Acid in the Bleomycin-Induced Rat Model of Pulmonary Fibrosis P Comeglio, S Filippi, E Sarchielli, A Morelli, I Cellai\u2026 &#8211; The Journal of Steroid \u2026, 2017<\/p>\n<p>Cardiac kinematic parameters computed from video of in situ beating heart L Fassina, G Rozzi, S Rossi, S Scacchi, M Galetti\u2026 &#8211; Scientific Reports, 2017<\/p>\n<p>Effect of paroxetine on left ventricular remodeling in an in vivo rat model of myocardial infarction TR Lassen, JM Nielsen, J Johnsen, S Ringgaard\u2026 &#8211; Basic Research in \u2026, 2017<\/p>\n<p>Experimental chronic kidney disease attenuates ischemia-reperfusion injury in an ex vivo rat lung model CK Peng, KL Huang, CC Lan, YJ Hsu, GC Wu\u2026 &#8211; PLOS ONE, 2017<\/p>\n<p>Intrathecal application of the microglial inhibitor minocycline attenuates sympathoexcitatory and proarrhythmogenic changes in rats with chronic temporal lobe \u2026 AM Bhandare, K Kapoor, KL Powell, E Braine\u2026 &#8211; Neuroscience, 2017<\/p>\n<p>Myocardial ischemia-reperfusion enhances transcriptional expression of endothelin-1 and vasoconstrictor ETB receptors via the protein kinase MEK-ERK1\/2 signaling \u2026 GF Skovsted, LS Kruse, LA Berchtold, AS Grell\u2026 &#8211; PLOS ONE, 2017<\/p>\n<p>Myocardial ischemic tolerance in rats subjected to endurance exercise training during adaptation to chronic hypoxia P Al\u00e1nov\u00e1, A Chytilov\u00e1, J Neck\u00e1\u0159, J Hrdli\u010dka, P M\u00ed\u010dov\u00e1\u2026 &#8211; Journal of Applied \u2026, 2017<\/p>\n<p>Pre\u2010ischemic mitochondrial substrate constraint by inhibition of malate\u2010aspartate shuttle preserves mitochondrial function after ischemia\u2010reperfusion NR Jespersen, T Yokota, NB St\u00f8ttrup, A Bergdahl\u2026 &#8211; The Journal of Physiology, 2017<\/p>\n<p>N.R. Jespersen et alia: \u201cPre-ischaemic mitochondrial substrate constraint by inhibition of malate-aspartate shuttle preserves mitochondrial function after ischaemia\u2013reperfusion\u201d J. Physiology 10.1113\/JP273408, 2017<\/p>\n<p>G.E. Peoples &amp; P.L. McLennan: \u201cDietary Fish Oil Delays Hypoxic Skeletal Muscle Fatigue and Enhances Caffeine Stimulated Contractile Recovery in the Rat In Vivo Hindlimb\u201d Applied Physiology, Nutrition, and Metabolism 10.1139, 2016<\/p>\n<p>T.T. Troelsen et alia: \u201cImpaired NO-mediated vasodilatation in rat coronary arteries after asphyxial cardiac arrest\u201d Acta Anaesthesiologica Scandinavica 59(5): 654\u2013667, 2015<\/p>\n<p>J. K. Marshall et alia: \u201cIntra-Operative Tissue Oxygen Tension Is Increased by Local Insufflation of Humidified-Warm CO2 during Open Abdominal Surgery in a Rat Model\u201d PLoS One 10(4): e0122838, 2015<\/p>\n<p>E.A. Stein et alia: \u201c Combination of RNA Interference and Virus Receptor Trap Exerts Additive Antiviral Activity in Coxsackievirus B3-induced Myocarditis in Mice\u201d J. Infectious Diseases 211(4) : 613-622, 2015<\/p>\n<p>Darach O h-Ici et alia: \u201c Closed-chest small animal model to study myocardial infarction in an MRI environment in real time\u201d Intl. J. Cardiovascular Imaging 31(1): 115-121, 2014<\/p>\n<p>G.E. Peoples et alia: \u201cAutologous Pump-Perfused Rat Hindlimb Preparation for Investigating Muscle Function and Metabolism in Vivo\u201d Microcirculation 20 (6): 511\u2013523, 2013<\/p>\n<p>R. Rudz et alia: \u201cAcute Myocardial Infarction Inhibits the Neurogenic Tachycardic and Vasopressor Response in Rats via Presynaptic Cannabinoid Type 1 Receptor\u201d J.Pharmacol.Exp.Therap. 343: 198-205, 2012<\/p>\n<p>A. Andersen et alia: \u201cIschemic Preconditioning Reduces Right Ventricular Infarct Size through Opening of Mitochondrial Potassium Channels\u201d Cardiology 123 (3): 177-180, 2012<\/p>\n<p>Y. Kalam et alia: \u201cLevosimendan Does Not Improve Cardiac Output or Blood Pressure in a Rodent Model of Propranolol Toxicity When Administered Using Various Dosing Regimens\u201d Intl. J. Toxicol. 31(2): 166\u2013174, 2012<\/p>\n<p>D. Bilbija et alia: \u201cProtecting the heart through delivering DNA encoding for heme oxygenase-1 into skeletal muscle\u201d Life Sciences 91 (17-18): 828-836, 2012<\/p>\n<p>R. Nassini et alia: \u201cAcetaminophen, via its Reactive Metabolite N-acetyl-pbenzo-quinoneimine and Transient Receptor Potential ankyrin-1 Stimulation, Causes Neurogenic Inflammation in the Airways and Other Tissues in Rodents\u201d The FASEB Journal 24 : 1-13, 2010<\/p>\n<p>S. Cicko et alia: \u201cPurinergic Receptor Inhibition Prevents the Development of Smoke-Induced Lung Injury and Emphysema\u201d J.Immunol. 185: 688-697, 2010<\/p>\n<\/div>\n<\/div>\n<\/div>\n<\/div>\n<\/div>\n<\/div>\n<\/div>\n<\/div>\n<div id=\"kt_scrolltop\" class=\"scrolltop\"><\/div>\n<div class=\"footer\">\n<div class=\"foot-wrapper\">\n<div class=\"foot-row bottom-line\">\n<div class=\"pull-left\"><\/div>\n<\/div>\n<\/div>\n<\/div>","protected":false},"excerpt":{"rendered":"<p>7025\u556e\u9f7f\u7c7b\u52a8\u7269\u547c\u5438\u673a\u662f\u4e00\u4e2a\u6b63\u538b\u6cf5\uff08\u57fa\u4e8eStarling\u539f\u7406\uff09\uff0c\u662f\u8bbe\u8ba1\u7528\u4e8e\u5927\u9f20\u3001\u5c0f\u9f20\u3001\u8c5a\u9f20\u548c\u5c0f\u9e1f\u7b49\u5c0f\u52a8\u7269\u3002<\/p>\n<p>\u9a71\u52a8\u53ef\u8c03\u63a7\u53d1\u52a8\u673a\u3002\u5305\u542b\u53ef\u4e92\u6362\u6c14\u7f38\u6d3b\u585e\u8bbe\u8ba1\u3002\u7cbe\u786e\u5730\u63a7\u5236\u53d1\u52a8\u673a\u901f\u5ea6\u80fd\u591f\u51c6\u786e\u63a7\u5236\u6ed1\u52a8\u901f\u5ea6\u548c\u547c\u5438\u673a\u3002<\/p>\n<p>\u547c\u5438\u673a\u914d\u6709\u7535\u5b50\u53cd\u9988\u63a7\u5236\u9a71\u52a8\u5668\uff0c\u53ef\u7cbe\u786e\u8c03\u63a7\u53d1\u52a8\u673a\uff0c\u8fde\u63a5\u5230\u4e00\u4e2a\u53ef\u4e92\u6362\u7684\u6d3b\u585e\u7f38\u3002\u65e0\u8bba\u8bbe\u5b9a\u503c\u5982\u4f55\uff0c\u6d3b\u585e\u6bcf\u6b21\u51b2\u7a0b\u90fd\u4f1a\u8fd0\u884c\u81f3\u6c14\u7f38\u5e95\u90e8\u3002\u8fd9\u6837\uff0c\u786e\u4fdd\u6bcf\u6b21\u88ab\u5438\u5165\u6c14\u7f38\u7684\u6c14\u4f53\u88ab\u5f7b\u5e95\u6392\u9664\u3002\u80fd\u591f\u51c6\u786e\u53ef\u9760\u7684\u63a7\u5236\u6ed1\u52a8\u901f\u5ea6\uff0c\u4ece\u800c\u63a7\u5236\u6240\u6709\u7684\u547c\u5438\u673a\u3002\u7535\u5b50\u566a\u97f3\u4e0e\u673a\u68b0\u566a\u97f3\u5747\u53ef\u5ffd\u7565\u4e0d\u8ba1\u3002<\/p>\n<p>\u547c\u5438\u673a\u7684\u64cd\u4f5c\u80fd\u591f\u4f7f\u7528\u4e00\u4e2a\u5916\u7f6e\u7684TTL\u4fe1\u53f7\u529f\u80fd\u63a7\u5236\uff0c\u5b9e\u9a8c\u4eba\u5458\u53ef\u6839\u636e\u9700\u8981\u9009\u914d\u540c\u6b65START \/ STOP\u529f\u80fd\u3002<\/p>","protected":false},"featured_media":4865,"comment_status":"closed","ping_status":"closed","template":"","meta":[],"product_cat":[169,210],"product_tag":[],"_links":{"self":[{"href":"http:\/\/www.tarzan-tech.com\/en\/wp-json\/wp\/v2\/product\/4864"}],"collection":[{"href":"http:\/\/www.tarzan-tech.com\/en\/wp-json\/wp\/v2\/product"}],"about":[{"href":"http:\/\/www.tarzan-tech.com\/en\/wp-json\/wp\/v2\/types\/product"}],"replies":[{"embeddable":true,"href":"http:\/\/www.tarzan-tech.com\/en\/wp-json\/wp\/v2\/comments?post=4864"}],"wp:featuredmedia":[{"embeddable":true,"href":"http:\/\/www.tarzan-tech.com\/en\/wp-json\/wp\/v2\/media\/4865"}],"wp:attachment":[{"href":"http:\/\/www.tarzan-tech.com\/en\/wp-json\/wp\/v2\/media?parent=4864"}],"wp:term":[{"taxonomy":"product_cat","embeddable":true,"href":"http:\/\/www.tarzan-tech.com\/en\/wp-json\/wp\/v2\/product_cat?post=4864"},{"taxonomy":"product_tag","embeddable":true,"href":"http:\/\/www.tarzan-tech.com\/en\/wp-json\/wp\/v2\/product_tag?post=4864"}],"curies":[{"name":"wp","href":"https:\/\/api.w.org\/{rel}","templated":true}]}}