{"id":5401,"date":"2023-02-07T17:02:35","date_gmt":"2023-02-07T09:02:35","guid":{"rendered":"http:\/\/www.tarzan-tech.com\/?post_type=product&#038;p=5401"},"modified":"2023-08-03T10:01:54","modified_gmt":"2023-08-03T02:01:54","slug":"%e5%be%ae%e9%87%8f%e8%87%aa%e5%8a%a8%e7%bb%99%e8%8d%af%e7%b3%bb%e7%bb%9f","status":"publish","type":"product","link":"http:\/\/www.tarzan-tech.com\/en\/products\/%e5%be%ae%e9%87%8f%e8%87%aa%e5%8a%a8%e7%bb%99%e8%8d%af%e7%b3%bb%e7%bb%9f\/","title":{"rendered":"\u5fae\u91cf\u81ea\u52a8\u7ed9\u836f\u7cfb\u7edf"},"content":{"rendered":"<p>&nbsp;<\/p>\n<p><img loading=\"lazy\" class=\"wp-image-5402 alignleft\" src=\"http:\/\/www.tarzan-tech.com\/wp-content\/uploads\/\u56fe\u7247165.png\"  width=\"225\" height=\"266\" srcset=\"http:\/\/www.tarzan-tech.com\/wp-content\/uploads\/\u56fe\u7247165.png 1308w, http:\/\/www.tarzan-tech.com\/wp-content\/uploads\/\u56fe\u7247165-10x12.png 10w\" sizes=\"(max-width: 225px) 100vw, 225px\" title=\"\u5fae\u91cf\u81ea\u52a8\u7ed9\u836f\u7cfb\u7edf\u63d2\u56fe\" alt=\"\u5fae\u91cf\u81ea\u52a8\u7ed9\u836f\u7cfb\u7edf\u63d2\u56fe\" \/><\/p>\n<p>\u5fae\u91cf\u7ed9\u836f\u7cfb\u7edf\u662f\u4e13\u4e3a\u5bf9\u556e\u9f7f\u7c7b\u52a8\u7269\u8fdb\u884c\u7cbe\u786e\u5b9a\u70b9\u7ed9\u836f\u5f00\u53d1\u7684\u3002<\/p>\n<p>\u4f53\u79ef\u975e\u5e38\u5c0f\u7684\u65e0\u7ebf\u63a7\u5236\u7ed9\u836f\u6cf5\uff0c\u53ef\u901a\u8fc7\u7f16\u5236\u7ed9\u836f\u66f2\u7ebf\u8fdb\u884c\u7ec8<\/p>\n<p>\u6781\u63a7\u5236\u3002<\/p>\n<p>\u8be5\u7ed9\u836f\u6cf5\u4f53\u79ef\u5c0f\u5de7\uff0c\u690d\u5165\u52a8\u7269\u76ae\u4e0b\u6216\u8179\u8154\u4f7f\u7528\uff0c\u53ef\u53cd\u590d\u586b\u5145\u836f<\/p>\n<p>\u7269\uff0c\u80fd\u591f\u517c\u5bb9\u7edd\u5927\u90e8\u5206\u836f\u7269\u3002\u6574\u5957\u7cfb\u7edf\u901a\u8fc7\u76f4\u89c2\u7684\u8f6f\u4ef6\u63a7\u5236\uff0c\u4e00\u6b21<\/p>\n<p>\u53ef\u540c\u65f6\u5904\u7406\u591a\u7ec4\u5b9e\u9a8c\u3002\u8f6f\u4ef6\u63d0\u4f9b\u7f16\u7a0b\uff0c\u6267\u884c\uff0c\u7f16\u5236\u81ea\u5b9a\u4e49\u7684\u590d\u6742\u7ed9<\/p>\n<p>\u836f\u65b9\u6848\u3002\u901a\u8fc7\u4e00\u5957\u8f6f\u4ef6\uff0c\u7528\u6237\u53ef\u63a7\u5236\u6240\u6709\u7684\u7ed9\u836f\u6cf5\u3002<\/p>\n<p>&nbsp;<\/p>\n<p>&nbsp;<\/p>\n<p><strong>\u6280\u672f\u53c2\u6570<\/strong><\/p>\n<ul>\n<li>\u6d41\u91cf\uff1a1\u03bcl\/hr-100\u03bcl\/hr<\/li>\n<li>\u836f\u7269\u5bb9\u91cf\uff1a200\u03bcl\uff08\u66f4\u5927\u5bb9\u91cf\u7ed9\u836f\u6cf5\u8bf7\u6765\u7535\u54a8\u8be2\uff09<\/li>\n<li>\u7f16\u7a0b\u5f0f\u7ed9\u836f<\/li>\n<li>\u6307\u4ee4\u7ed9\u836f\/\u4e8b\u4ef6\u89e6\u53d1\u7ed9\u836f<\/li>\n<li>\u7ed9\u836f\u6cf5\u5c3a\u5bf8\uff1a19.1mm\u00d713.8mm\u00d78mm(L\u00d7W\u00d7H)<\/li>\n<li>\u690d\u5165\u5f0f<\/li>\n<li>\u836f\u7269\u53ef\u91cd\u65b0\u586b\u88c5\uff0c\u53cd\u590d\u4f7f<\/li>\n<li>\u7528\u65e0\u7ebf\u63a7\u5236\u53ca\u4f7f\u7528<\/li>\n<\/ul>","protected":false},"excerpt":{"rendered":"<p>&nbsp; \u5fae\u91cf\u7ed9\u836f\u7cfb\u7edf\u662f\u4e13\u4e3a\u5bf9\u556e\u9f7f\u7c7b\u52a8\u7269\u8fdb\u884c\u7cbe\u786e\u5b9a\u70b9\u7ed9\u836f\u5f00\u53d1\u7684\u3002 \u4f53\u79ef\u975e\u5e38\u5c0f\u7684\u65e0\u7ebf\u63a7\u5236\u7ed9\u836f\u6cf5\uff0c\u53ef\u901a\u8fc7\u7f16\u5236\u7ed9<\/p>","protected":false},"featured_media":6332,"comment_status":"closed","ping_status":"closed","template":"","meta":[],"product_cat":[169,183],"product_tag":[],"_links":{"self":[{"href":"http:\/\/www.tarzan-tech.com\/en\/wp-json\/wp\/v2\/product\/5401"}],"collection":[{"href":"http:\/\/www.tarzan-tech.com\/en\/wp-json\/wp\/v2\/product"}],"about":[{"href":"http:\/\/www.tarzan-tech.com\/en\/wp-json\/wp\/v2\/types\/product"}],"replies":[{"embeddable":true,"href":"http:\/\/www.tarzan-tech.com\/en\/wp-json\/wp\/v2\/comments?post=5401"}],"wp:featuredmedia":[{"embeddable":true,"href":"http:\/\/www.tarzan-tech.com\/en\/wp-json\/wp\/v2\/media\/6332"}],"wp:attachment":[{"href":"http:\/\/www.tarzan-tech.com\/en\/wp-json\/wp\/v2\/media?parent=5401"}],"wp:term":[{"taxonomy":"product_cat","embeddable":true,"href":"http:\/\/www.tarzan-tech.com\/en\/wp-json\/wp\/v2\/product_cat?post=5401"},{"taxonomy":"product_tag","embeddable":true,"href":"http:\/\/www.tarzan-tech.com\/en\/wp-json\/wp\/v2\/product_tag?post=5401"}],"curies":[{"name":"wp","href":"https:\/\/api.w.org\/{rel}","templated":true}]}}